{"id":23,"date":"2015-07-13T20:03:07","date_gmt":"2015-07-13T20:03:07","guid":{"rendered":"http:\/\/127.0.0.1\/viavision2015\/?page_id=23"},"modified":"2025-06-22T21:23:09","modified_gmt":"2025-06-22T21:23:09","slug":"inicio","status":"publish","type":"page","link":"https:\/\/www.viavision.com.ar\/","title":{"rendered":"INICIO"},"content":{"rendered":"<h2>Viavisi\u00f3n : Dise\u00f1o Gr\u00e1fico &amp; Comunicaci\u00f3n<\/h2>\n<p>\u00a1Bienvenido! En Viavisi\u00f3n nos dedicamos hace m\u00e1s de diez a\u00f1os a mejorar la imagen de tu empresa, de tu negocio, de tu emprendimiento, para que puedas destacar tus productos y servicios.<\/p>\n<hr \/>\n<h3>Tu proyecto, tu mundo<\/h3>\n<p>Cada proyecto, cada cliente, cada negocio, cada empresa es un mundo, por eso nuestra man\u00eda es escucharte y analizar en detalle qu\u00e9 necesit\u00e1s para afianzar a tus clientes y llamar la atenci\u00f3n de nuevos clientes.<\/p>\n<p>Entre otros, hemos trabajado para arquitectos, peque\u00f1as y medianas empresas, productoras de cine y televisi\u00f3n, locales comerciales como jugueter\u00edas, muebles y decoraci\u00f3n, cafeter\u00edas.<\/p>\n<hr \/>\n<h3>Contacto<\/h3>\n<p>Comunicate con nosotros, vos nos cont\u00e1s qu\u00e9 quer\u00e9s comunicar.\u00a0Nosotros te escuchamos y te proponemos c\u00f3mo hacerlo.<\/p>\n<p>Envianos un email a <a href=\"mailto:hola@viavision.com.ar\">hola@viavision.com.ar<\/a><\/p>\n<p>Escribinos por WhatsApp <a href=\"https:\/\/api.whatsapp.com\/send?phone=5491156663171\">11.5666.3171<\/a><\/p>\n<p>Mir\u00e1 lo que hacemos\u00a0<a href=\"https:\/\/www.viavision.com.ar\/index.php\/que-hacemos-viavision-diseno-grafico-comunicacion-visual\/\">aqu\u00ed<\/a>.<\/p>\n","protected":false},"excerpt":{"rendered":"<p>Viavisi\u00f3n : Dise\u00f1o Gr\u00e1fico &amp; Comunicaci\u00f3n \u00a1Bienvenido! En Viavisi\u00f3n nos dedicamos hace m\u00e1s de diez a\u00f1os a mejorar la imagen de tu empresa, de tu negocio, de tu emprendimiento, para que puedas destacar tus productos y servicios. Tu proyecto, tu mundo Cada proyecto, cada cliente, cada negocio, cada empresa es un mundo, por eso nuestra [&hellip;]<\/p>\n","protected":false},"author":1,"featured_media":0,"parent":0,"menu_order":1,"comment_status":"closed","ping_status":"closed","template":"page-home.php","meta":[],"_links":{"self":[{"href":"https:\/\/www.viavision.com.ar\/index.php\/wp-json\/wp\/v2\/pages\/23"}],"collection":[{"href":"https:\/\/www.viavision.com.ar\/index.php\/wp-json\/wp\/v2\/pages"}],"about":[{"href":"https:\/\/www.viavision.com.ar\/index.php\/wp-json\/wp\/v2\/types\/page"}],"author":[{"embeddable":true,"href":"https:\/\/www.viavision.com.ar\/index.php\/wp-json\/wp\/v2\/users\/1"}],"replies":[{"embeddable":true,"href":"https:\/\/www.viavision.com.ar\/index.php\/wp-json\/wp\/v2\/comments?post=23"}],"version-history":[{"count":12,"href":"https:\/\/www.viavision.com.ar\/index.php\/wp-json\/wp\/v2\/pages\/23\/revisions"}],"predecessor-version":[{"id":466,"href":"https:\/\/www.viavision.com.ar\/index.php\/wp-json\/wp\/v2\/pages\/23\/revisions\/466"}],"wp:attachment":[{"href":"https:\/\/www.viavision.com.ar\/index.php\/wp-json\/wp\/v2\/media?parent=23"}],"curies":[{"name":"wp","href":"https:\/\/api.w.org\/{rel}","templated":true}]}}