{"id":17,"date":"2015-07-13T19:51:34","date_gmt":"2015-07-13T19:51:34","guid":{"rendered":"http:\/\/127.0.0.1\/viavision2015\/?page_id=17"},"modified":"2025-06-22T21:23:09","modified_gmt":"2025-06-22T21:23:09","slug":"que-hacemos-viavision-diseno-grafico-comunicacion-visual","status":"publish","type":"page","link":"https:\/\/www.viavision.com.ar\/index.php\/que-hacemos-viavision-diseno-grafico-comunicacion-visual\/","title":{"rendered":"QU\u00c9 HACEMOS"},"content":{"rendered":"<p style=\"text-align: left;\">Viavisi\u00f3n es un estudio de Dise\u00f1o Gr\u00e1fico &amp; Comunicaci\u00f3n.<\/p>\n<p style=\"text-align: left;\">Creamos soluciones gr\u00e1ficas de acuerdo a tus requerimientos de comunicaci\u00f3n, con el objeto de agregar valor desde la imagen a tu empresa, a tus productos, a tus servicios.<\/p>\n<hr \/>\n<p style=\"font-size: 1.5em; text-align: left;\"><span style=\"color: #014a4a;\">C\u00d3MO LO HACEMOS<\/span><\/p>\n<p style=\"text-align: left;\">Te escuchamos, investigamos, analizamos y trabajamos en conjunto, siempre buscando transmitir desde la imagen, -est\u00e1tica y en movimiento, las virtudes de tu empresa.<\/p>\n<hr \/>\n<h3 style=\"text-align: left;\"><span style=\"color: #014a4a;\">Dise\u00f1o Gr\u00e1fico<\/span><\/h3>\n<p style=\"text-align: left;\"><span style=\"color: #333333;\">Dise\u00f1amos la marca de tu empresa, de tu negocio (logotipo, isotipo, isologotipo). Tambi\u00e9n realizamos el dise\u00f1o de Identidad Visual: tarjetas personales, papel membrete, sobres y todas las piezas que necesit\u00e1s para comunicarte con tus clientes.<br \/>\nDise\u00f1o Editorial, flyers, folletos de productos y servicios.<br \/>\nDise\u00f1amos la marquesina de tu local comercial.<\/span><\/p>\n<p style=\"text-align: left;\"><em>Ver trabajos<br \/>\nClick sobre la marca para ver m\u00e1s<br \/>\n<\/em><\/p>\n\n\t\t<style type=\"text\/css\">\n\t\t\t#gallery-2 {\n\t\t\t\tmargin: auto;\n\t\t\t}\n\t\t\t#gallery-2 .gallery-item {\n\t\t\t\tfloat: left;\n\t\t\t\tmargin-top: 10px;\n\t\t\t\ttext-align: center;\n\t\t\t\twidth: 33%;\n\t\t\t}\n\t\t\t#gallery-2 img {\n\t\t\t\tborder: 2px solid #cfcfcf;\n\t\t\t}\n\t\t\t#gallery-2 .gallery-caption {\n\t\t\t\tmargin-left: 0;\n\t\t\t}\n\t\t\t\/* see gallery_shortcode() in wp-includes\/media.php *\/\n\t\t<\/style>\n\t\t<div id='gallery-2' class='gallery galleryid-17 gallery-columns-3 gallery-size-full'><dl class='gallery-item'>\n\t\t\t<dt class='gallery-icon landscape'>\n\t\t\t\t<a href=\"https:\/\/www.viavision.com.ar\/index.php\/project\/estacasa-isologo-imagen-institucional\/\" class=\"no-lightbox\"><img width=\"113\" height=\"65\" src=\"https:\/\/www.viavision.com.ar\/wp-content\/uploads\/2015\/07\/thumb-estacasa-arquitecta-2.jpg\" class=\"attachment-full size-full\" alt=\"\" decoding=\"async\" loading=\"lazy\" \/><\/a>\n\t\t\t<\/dt><\/dl><dl class='gallery-item'>\n\t\t\t<dt class='gallery-icon landscape'>\n\t\t\t\t<a href=\"https:\/\/www.viavision.com.ar\/index.php\/project\/planeta-didactica\/\" class=\"no-lightbox\"><img width=\"113\" height=\"65\" src=\"https:\/\/www.viavision.com.ar\/wp-content\/uploads\/2015\/07\/thumb-planeta-didactica-web.jpg\" class=\"attachment-full size-full\" alt=\"\" decoding=\"async\" loading=\"lazy\" \/><\/a>\n\t\t\t<\/dt><\/dl><dl class='gallery-item'>\n\t\t\t<dt class='gallery-icon landscape'>\n\t\t\t\t<a href=\"https:\/\/www.viavision.com.ar\/index.php\/project\/arco-iris\/\" class=\"no-lightbox\"><img width=\"113\" height=\"65\" src=\"https:\/\/www.viavision.com.ar\/wp-content\/uploads\/2015\/07\/thumb-arco-iris-1.jpg\" class=\"attachment-full size-full\" alt=\"\" decoding=\"async\" loading=\"lazy\" \/><\/a>\n\t\t\t<\/dt><\/dl><br style=\"clear: both\" \/><dl class='gallery-item'>\n\t\t\t<dt class='gallery-icon landscape'>\n\t\t\t\t<a href=\"https:\/\/www.viavision.com.ar\/index.php\/project\/lopen-tour\/\" class=\"no-lightbox\"><img width=\"113\" height=\"65\" src=\"https:\/\/www.viavision.com.ar\/wp-content\/uploads\/2015\/07\/thumb-buenos-aires-lopen-tour-1.jpg\" class=\"attachment-full size-full\" alt=\"\" decoding=\"async\" loading=\"lazy\" \/><\/a>\n\t\t\t<\/dt><\/dl><dl class='gallery-item'>\n\t\t\t<dt class='gallery-icon landscape'>\n\t\t\t\t<a href=\"https:\/\/www.viavision.com.ar\/index.php\/project\/freim\/\" class=\"no-lightbox\"><img width=\"113\" height=\"65\" src=\"https:\/\/www.viavision.com.ar\/wp-content\/uploads\/2015\/07\/thumb-freim-1.jpg\" class=\"attachment-full size-full\" alt=\"\" decoding=\"async\" loading=\"lazy\" \/><\/a>\n\t\t\t<\/dt><\/dl><dl class='gallery-item'>\n\t\t\t<dt class='gallery-icon landscape'>\n\t\t\t\t<a href=\"https:\/\/www.viavision.com.ar\/index.php\/project\/grupo-kane\/\" class=\"no-lightbox\"><img width=\"113\" height=\"65\" src=\"https:\/\/www.viavision.com.ar\/wp-content\/uploads\/2015\/07\/thumb-grupo-kane.jpg\" class=\"attachment-full size-full\" alt=\"\" decoding=\"async\" loading=\"lazy\" \/><\/a>\n\t\t\t<\/dt><\/dl><br style=\"clear: both\" \/><dl class='gallery-item'>\n\t\t\t<dt class='gallery-icon landscape'>\n\t\t\t\t<a href=\"https:\/\/www.viavision.com.ar\/index.php\/project\/secuwork-isologo-imagen-institucional\/\" class=\"no-lightbox\"><img width=\"113\" height=\"65\" src=\"https:\/\/www.viavision.com.ar\/wp-content\/uploads\/2015\/07\/thumb-secuwork-soluciones-en-seguridad-e-higiene-1.jpg\" class=\"attachment-full size-full\" alt=\"\" decoding=\"async\" loading=\"lazy\" \/><\/a>\n\t\t\t<\/dt><\/dl><dl class='gallery-item'>\n\t\t\t<dt class='gallery-icon landscape'>\n\t\t\t\t<a href=\"https:\/\/www.viavision.com.ar\/index.php\/project\/sutil\/\" class=\"no-lightbox\"><img width=\"113\" height=\"65\" src=\"https:\/\/www.viavision.com.ar\/wp-content\/uploads\/2015\/07\/thumb-sutil.jpg\" class=\"attachment-full size-full\" alt=\"\" decoding=\"async\" loading=\"lazy\" \/><\/a>\n\t\t\t<\/dt><\/dl><dl class='gallery-item'>\n\t\t\t<dt class='gallery-icon landscape'>\n\t\t\t\t<a href=\"https:\/\/www.viavision.com.ar\/index.php\/project\/via-plaia-menu\/\" class=\"no-lightbox\"><img width=\"115\" height=\"66\" src=\"https:\/\/www.viavision.com.ar\/wp-content\/uploads\/2015\/07\/clientes-viavision-_0005_via-plaia-1.png\" class=\"attachment-full size-full\" alt=\"\" decoding=\"async\" loading=\"lazy\" \/><\/a>\n\t\t\t<\/dt><\/dl><br style=\"clear: both\" \/>\n\t\t<\/div>\n\n<hr \/>\n<h3 style=\"text-align: left;\"><span style=\"color: #014a4a;\">Sitios Web<\/span><\/h3>\n<p style=\"text-align: left;\"><span style=\"color: #333333;\">Desarrollamos Sitios Web <em>responsive,<\/em> para que se puedan navegar en todos los dispositivos: computadoras, tablets, celulares Smart.<em><br \/>\n<\/em>Creamos tu tienda online para que puedas vender tus productos por internet de manera sencilla.<\/span><\/p>\n<p style=\"text-align: left;\"><em>Ver trabajos<br \/>\nClick sobre la marca para ver m\u00e1s<br \/>\n<\/em><\/p>\n\n\t\t<style type=\"text\/css\">\n\t\t\t#gallery-4 {\n\t\t\t\tmargin: auto;\n\t\t\t}\n\t\t\t#gallery-4 .gallery-item {\n\t\t\t\tfloat: left;\n\t\t\t\tmargin-top: 10px;\n\t\t\t\ttext-align: center;\n\t\t\t\twidth: 33%;\n\t\t\t}\n\t\t\t#gallery-4 img {\n\t\t\t\tborder: 2px solid #cfcfcf;\n\t\t\t}\n\t\t\t#gallery-4 .gallery-caption {\n\t\t\t\tmargin-left: 0;\n\t\t\t}\n\t\t\t\/* see gallery_shortcode() in wp-includes\/media.php *\/\n\t\t<\/style>\n\t\t<div id='gallery-4' class='gallery galleryid-17 gallery-columns-3 gallery-size-full'><dl class='gallery-item'>\n\t\t\t<dt class='gallery-icon landscape'>\n\t\t\t\t<a href=\"https:\/\/www.viavision.com.ar\/index.php\/project\/sitio-web-planeta-didactica\/\" class=\"no-lightbox\"><img width=\"113\" height=\"65\" src=\"https:\/\/www.viavision.com.ar\/wp-content\/uploads\/2015\/07\/thumb-planeta-didactica-1.jpg\" class=\"attachment-full size-full\" alt=\"\" decoding=\"async\" loading=\"lazy\" \/><\/a>\n\t\t\t<\/dt><\/dl><dl class='gallery-item'>\n\t\t\t<dt class='gallery-icon landscape'>\n\t\t\t\t<a href=\"https:\/\/www.viavision.com.ar\/index.php\/project\/estacasa-sitio-web\/\" class=\"no-lightbox\"><img width=\"113\" height=\"65\" src=\"https:\/\/www.viavision.com.ar\/wp-content\/uploads\/2015\/07\/thumb-estacasa-arquitecta-1.jpg\" class=\"attachment-full size-full\" alt=\"\" decoding=\"async\" loading=\"lazy\" \/><\/a>\n\t\t\t<\/dt><\/dl><dl class='gallery-item'>\n\t\t\t<dt class='gallery-icon landscape'>\n\t\t\t\t<a href=\"https:\/\/www.viavision.com.ar\/index.php\/project\/los-ciruelos-fiestas-sitio-web\/\" class=\"no-lightbox\"><img width=\"113\" height=\"65\" src=\"https:\/\/www.viavision.com.ar\/wp-content\/uploads\/2015\/07\/thumb-los-ciruelos-fiestas.jpg\" class=\"attachment-full size-full\" alt=\"\" decoding=\"async\" loading=\"lazy\" \/><\/a>\n\t\t\t<\/dt><\/dl><br style=\"clear: both\" \/><dl class='gallery-item'>\n\t\t\t<dt class='gallery-icon landscape'>\n\t\t\t\t<a href=\"https:\/\/www.viavision.com.ar\/index.php\/project\/sitio-web-mobilarte-cortinas\/\" class=\"no-lightbox\"><img width=\"113\" height=\"65\" src=\"https:\/\/www.viavision.com.ar\/wp-content\/uploads\/2018\/06\/mobilarte-cortinas-thumb.jpg\" class=\"attachment-full size-full\" alt=\"\" decoding=\"async\" loading=\"lazy\" \/><\/a>\n\t\t\t<\/dt><\/dl><dl class='gallery-item'>\n\t\t\t<dt class='gallery-icon landscape'>\n\t\t\t\t<a href=\"https:\/\/www.viavision.com.ar\/index.php\/project\/sitio-web-casa-mezquita\/\" class=\"no-lightbox\"><img width=\"113\" height=\"65\" src=\"https:\/\/www.viavision.com.ar\/wp-content\/uploads\/2018\/06\/casa-mezquita-thumb.jpg\" class=\"attachment-full size-full\" alt=\"\" decoding=\"async\" loading=\"lazy\" \/><\/a>\n\t\t\t<\/dt><\/dl>\n\t\t\t<br style='clear: both' \/>\n\t\t<\/div>\n\n<hr \/>\n<h3><span style=\"color: #014a4a;\">Redes Sociales<\/span><\/h3>\n<p><span style=\"color: #333333;\">La marca que cuenta con presencia en redes sociales como Facebook, LinkedIn e Instagram, tiene una gran ventaja. Es super importante contar con una estrategia de marketing digital. Y buscar generar ese <em>\u00abengagement\u00bb<\/em> con el cliente, har\u00e1 que se vuelva cada d\u00eda m\u00e1s fiel a la marca. <\/span><\/p>\n<p><span style=\"color: #333333;\">\u00bfTe ayudamos?<\/span><\/p>\n<p><span style=\"color: #333333;\">\u00a1S\u00cd! Gestionamos tus redes sociales: Facebook, Instagram, LinkedIn.<\/span><\/p>\n<p><span style=\"color: #333333;\">Consultanos y armamos un plan a la medida de tu empresa, de tu negocio o emprendimiento.<\/span><\/p>\n<hr \/>\n<h3><span style=\"color: #014a4a;\">Publicidad: Google Ads &amp; Facebook Ads<\/span><\/h3>\n<p><span style=\"color: #333333;\"><strong>Google Ads<\/strong> trabaja con lo que se conoce como Posicionamiento SEM (Search Engine Marketing), es decir Marketing en Buscadores. Google introduce en su motor de b\u00fasqueda, enlaces patrocinados de sitios web, que realizan un pago por una campa\u00f1a de Google Ads, para convertirse en la primera opci\u00f3n que ver\u00e1 un potencial cliente.<\/span><\/p>\n<p><strong>Facebook Ads<\/strong> permite realizar campa\u00f1as publicitarias dentro de sus redes: <strong>Facebook<\/strong> e <strong>Instagram<\/strong>.<\/p>\n<p>El sistema de pauta de <strong>Facebook Ads<\/strong>, permite segmentar el p\u00fablico muy espec\u00edficamente: dirigiendo las campa\u00f1as a las personas, de acuerdo a sus intereses y comportamientos, como as\u00ed tambi\u00e9n generar p\u00fablicos a partir de bases de datos, entre otras. Es de gran utilidad para que la inversi\u00f3n realizada llegue a las personas, con m\u00e1s probabilidad de inter\u00e9s y posible compra de los servicios promocionados.<\/p>\n<p>Los contenidos a promocionar pueden ser im\u00e1genes o videos, acompa\u00f1ados de textos publicitarios y v\u00ednculos una conversaci\u00f3n en WhatsApp, a un producto en tu tienda online o a Messenger , entre otros.<\/p>\n<p><span style=\"color: #333333;\">\u00bfQuer\u00e9s llegar a m\u00e1s clientes?<\/span><\/p>\n<p><span style=\"color: #333333;\">\u00a1Nosotros te ayudamos! <\/span><\/p>\n<p><span style=\"color: #333333;\">Administramos tus campa\u00f1as de anuncios en <strong>Google Ads y Facebook Ads<\/strong>, para que tus productos o servicios lleguen a tu p\u00fablico objetivo.<\/span><\/p>\n<hr \/>\n<h3><span style=\"color: #014a4a;\">Mailing publicitario<\/span><\/h3>\n<p><span style=\"color: #333333;\">El E-mail Marketing es una herramienta muy poderosa para hacer crecer tu negocio.<\/span><\/p>\n<p>\u00bfQuer\u00e9s enviar mails atractivos para encontrar m\u00e1s clientes?<\/p>\n<p>\u00a1Perfecto! Nosotros podemos ayudarte.<\/p>\n<p><span style=\"color: #333333;\">Dise\u00f1amos y realizamos el env\u00edo de Newsletters para difundir tus productos, servicios y promociones.<\/span><\/p>\n<hr \/>\n<h3 style=\"text-align: left;\"><span style=\"color: #a30234;\"><span style=\"color: #014a4a;\">Producciones de fotos<\/span><\/span><\/h3>\n<p style=\"text-align: left;\"><span style=\"color: #a30234;\"><span style=\"color: #333333;\">Primero compramos con la vista, despu\u00e9s compramos el producto. Nuestra experiencia en el mundo de la fotograf\u00eda corporativa nos dice que tanto peque\u00f1as, medianas y grandes empresas, necesitan fotograf\u00edas profesionales.<\/span><\/span><\/p>\n<p>\u00bfNecesit\u00e1s sacar buenas fotos de tus productos? \u00a1Genial! Nosotros lo hacemos.<\/p>\n<p style=\"text-align: left;\"><span style=\"color: #a30234;\"><span style=\"color: #333333;\">Planificamos y realizamos las fotograf\u00edas de tus productos y servicios, para luego aplicarlos en el dise\u00f1o de folletos, en el sitio web y en redes sociales.\u00a0<\/span><\/span><\/p>\n<p style=\"text-align: left;\"><em>Ver trabajos<br \/>\nClick sobre la marca para ver m\u00e1s<br \/>\n<\/em><\/p>\n\n\t\t<style type=\"text\/css\">\n\t\t\t#gallery-6 {\n\t\t\t\tmargin: auto;\n\t\t\t}\n\t\t\t#gallery-6 .gallery-item {\n\t\t\t\tfloat: left;\n\t\t\t\tmargin-top: 10px;\n\t\t\t\ttext-align: center;\n\t\t\t\twidth: 33%;\n\t\t\t}\n\t\t\t#gallery-6 img {\n\t\t\t\tborder: 2px solid #cfcfcf;\n\t\t\t}\n\t\t\t#gallery-6 .gallery-caption {\n\t\t\t\tmargin-left: 0;\n\t\t\t}\n\t\t\t\/* see gallery_shortcode() in wp-includes\/media.php *\/\n\t\t<\/style>\n\t\t<div id='gallery-6' class='gallery galleryid-17 gallery-columns-3 gallery-size-full'><dl class='gallery-item'>\n\t\t\t<dt class='gallery-icon landscape'>\n\t\t\t\t<a href=\"https:\/\/www.viavision.com.ar\/index.php\/project\/arco-iris-foto\/\" class=\"no-lightbox\"><img width=\"113\" height=\"65\" src=\"https:\/\/www.viavision.com.ar\/wp-content\/uploads\/2015\/07\/arco-iris-produccion-de-fotos.jpg\" class=\"attachment-full size-full\" alt=\"\" decoding=\"async\" loading=\"lazy\" \/><\/a>\n\t\t\t<\/dt><\/dl><dl class='gallery-item'>\n\t\t\t<dt class='gallery-icon landscape'>\n\t\t\t\t<a href=\"https:\/\/www.viavision.com.ar\/index.php\/project\/fadesa-foto\/\" class=\"no-lightbox\"><img width=\"113\" height=\"65\" src=\"https:\/\/www.viavision.com.ar\/wp-content\/uploads\/2015\/07\/fadesa-cautio-produccion-de-fotos.jpg\" class=\"attachment-full size-full\" alt=\"\" decoding=\"async\" loading=\"lazy\" \/><\/a>\n\t\t\t<\/dt><\/dl><dl class='gallery-item'>\n\t\t\t<dt class='gallery-icon landscape'>\n\t\t\t\t<a href=\"https:\/\/www.viavision.com.ar\/index.php\/project\/via-plaia-foto\/\" class=\"no-lightbox\"><img width=\"115\" height=\"66\" src=\"https:\/\/www.viavision.com.ar\/wp-content\/uploads\/2015\/07\/via-plaia-produccion-de-fotos.png\" class=\"attachment-full size-full\" alt=\"\" decoding=\"async\" loading=\"lazy\" \/><\/a>\n\t\t\t<\/dt><\/dl><br style=\"clear: both\" \/>\n\t\t<\/div>\n\n","protected":false},"excerpt":{"rendered":"<p>Viavisi\u00f3n es un estudio de Dise\u00f1o Gr\u00e1fico &amp; Comunicaci\u00f3n. Creamos soluciones gr\u00e1ficas de acuerdo a tus requerimientos de comunicaci\u00f3n, con el objeto de agregar valor desde la imagen a tu empresa, a tus productos, a tus servicios. C\u00d3MO LO HACEMOS Te escuchamos, investigamos, analizamos y trabajamos en conjunto, siempre buscando transmitir desde la imagen, -est\u00e1tica [&hellip;]<\/p>\n","protected":false},"author":1,"featured_media":0,"parent":0,"menu_order":3,"comment_status":"closed","ping_status":"open","template":"page-full-width.php","meta":[],"_links":{"self":[{"href":"https:\/\/www.viavision.com.ar\/index.php\/wp-json\/wp\/v2\/pages\/17"}],"collection":[{"href":"https:\/\/www.viavision.com.ar\/index.php\/wp-json\/wp\/v2\/pages"}],"about":[{"href":"https:\/\/www.viavision.com.ar\/index.php\/wp-json\/wp\/v2\/types\/page"}],"author":[{"embeddable":true,"href":"https:\/\/www.viavision.com.ar\/index.php\/wp-json\/wp\/v2\/users\/1"}],"replies":[{"embeddable":true,"href":"https:\/\/www.viavision.com.ar\/index.php\/wp-json\/wp\/v2\/comments?post=17"}],"version-history":[{"count":64,"href":"https:\/\/www.viavision.com.ar\/index.php\/wp-json\/wp\/v2\/pages\/17\/revisions"}],"predecessor-version":[{"id":459,"href":"https:\/\/www.viavision.com.ar\/index.php\/wp-json\/wp\/v2\/pages\/17\/revisions\/459"}],"wp:attachment":[{"href":"https:\/\/www.viavision.com.ar\/index.php\/wp-json\/wp\/v2\/media?parent=17"}],"curies":[{"name":"wp","href":"https:\/\/api.w.org\/{rel}","templated":true}]}}